{"id":40,"date":"2022-01-30T16:20:18","date_gmt":"2022-01-30T16:20:18","guid":{"rendered":"https:\/\/redob.ch\/?page_id=40"},"modified":"2022-02-01T16:43:39","modified_gmt":"2022-02-01T16:43:39","slug":"imprint","status":"publish","type":"page","link":"https:\/\/redob.ch\/de\/imprint\/","title":{"rendered":"Impressum"},"content":{"rendered":"<p><strong><em>Kontakt-Adresse<\/em><\/strong><\/p>\n\n\n\n<p>REDOB GmbH<br>Rathausstrasse 14<br>6341 Baar<br>Schweiz<\/p>\n\n\n\n<p>E-Mail:<br>info@redob.ch<\/p>\n\n\n\n<p><strong><em>Vertretungsberechtigte Person(en)<\/em><\/strong>J\u00f6rg A. Boder, Gesch\u00e4ftsf\u00fchrer<\/p>\n\n\n\n<p><strong><em>Handelsregister-Eintrag<\/em><\/strong>Eingetragener Firmenname:<br><strong>REDOB GmbH<\/strong><\/p>\n\n\n\n<p>Unternehmens-Nr (UID):<br><strong>CHE-458.002.538<\/strong><\/p>\n\n\n\n<p>Mehrwertsteuer-Nummer<br><strong>CHE-458.002.538 MWST<\/strong><br><br><\/p>\n\n\n\n<p><strong><em>Haftungsausschluss<\/em><\/strong>Der Autor \u00fcbernimmt keinerlei Gew\u00e4hr hinsichtlich der inhaltlichen Richtigkeit, Genauigkeit, Aktualit\u00e4t, Zuverl\u00e4ssigkeit und Vollst\u00e4ndigkeit der Informationen.<\/p>\n\n\n\n<p>Haftungsanspr\u00fcche gegen den Autor wegen Sch\u00e4den materieller oder immaterieller Art, welche aus dem Zugriff oder der Nutzung bzw. Nichtnutzung der ver\u00f6ffentlichten Informationen, durch Missbrauch der Verbindung oder durch technische St\u00f6rungen entstanden sind, werden ausgeschlossen.<\/p>\n\n\n\n<p>Alle Angebote sind unverbindlich. Der Autor beh\u00e4lt es sich ausdr\u00fccklich vor, Teile der Seiten oder das gesamte Angebot ohne besondere Ank\u00fcndigung zu ver\u00e4ndern, zu erg\u00e4nzen, zu l\u00f6schen oder die Ver\u00f6ffentlichung zeitweise oder endg\u00fcltig einzustellen.<\/p>\n\n\n\n<p><strong><em>Haftungsausschluss f\u00fcr Links<\/em><\/strong><\/p>\n\n\n\n<p>Verweise und Links auf Webseiten Dritter liegen ausserhalb unseres Verantwortungsbereichs. Es wird jegliche Verantwortung f\u00fcr solche Webseiten abgelehnt. Der Zugriff und die Nutzung solcher Webseiten erfolgen auf eigene Gefahr des jeweiligen Nutzers.<\/p>\n\n\n\n<p><strong><em>Urheberrechte<\/em><\/strong><\/p>\n\n\n\n<p>Die Urheber- und alle anderen Rechte an Inhalten, Bildern, Fotos oder anderen Dateien auf dieser Website, geh\u00f6ren ausschliesslich <strong>der Firma REDOB GmbH<\/strong> oder den speziell genannten Rechteinhabern. F\u00fcr die Reproduktion jeglicher Elemente ist die schriftliche Zustimmung des Urheberrechtstr\u00e4gers im Voraus einzuholen.<br>Quelle: <a href=\"https:\/\/www.swissanwalt.ch\" target=\"_blank\" rel=\"noreferrer noopener\">SwissAnwalt<\/a><\/p>","protected":false},"excerpt":{"rendered":"<p>Kontakt-Adresse REDOB GmbHRathausstrasse 146341 BaarSchweiz E-Mail:info@redob.ch Vertretungsberechtigte Person(en)J\u00f6rg A. Boder, Gesch\u00e4ftsf\u00fchrer Handelsregister-EintragEingetragener Firmenname:REDOB GmbH Unternehmens-Nr (UID):CHE-458.002.538 Mehrwertsteuer-NummerCHE-458.002.538 MWST HaftungsausschlussDer Autor \u00fcbernimmt keinerlei Gew\u00e4hr hinsichtlich der inhaltlichen Richtigkeit, Genauigkeit, Aktualit\u00e4t, Zuverl\u00e4ssigkeit und Vollst\u00e4ndigkeit der Informationen. Haftungsanspr\u00fcche gegen den Autor wegen Sch\u00e4den materieller oder immaterieller Art, welche aus dem Zugriff oder der Nutzung bzw. Nichtnutzung der ver\u00f6ffentlichten [&hellip;]<\/p>\n","protected":false},"author":1,"featured_media":0,"parent":0,"menu_order":0,"comment_status":"closed","ping_status":"closed","template":"","meta":{"_et_pb_use_builder":"off","_et_pb_old_content":"","_et_gb_content_width":"","footnotes":""},"class_list":["post-40","page","type-page","status-publish","hentry"],"yoast_head":"<!-- This site is optimized with the Yoast SEO plugin v27.4 - https:\/\/yoast.com\/product\/yoast-seo-wordpress\/ -->\n<title>Imprint - Redob<\/title>\n<meta name=\"robots\" content=\"noindex, nofollow\" \/>\n<meta property=\"og:locale\" content=\"de_DE\" \/>\n<meta property=\"og:type\" content=\"article\" \/>\n<meta property=\"og:title\" content=\"Imprint - Redob\" \/>\n<meta property=\"og:description\" content=\"Kontakt-Adresse REDOB GmbHRathausstrasse 146341 BaarSchweiz E-Mail:info@redob.ch Vertretungsberechtigte Person(en)J\u00f6rg A. Boder, Gesch\u00e4ftsf\u00fchrer Handelsregister-EintragEingetragener Firmenname:REDOB GmbH Unternehmens-Nr (UID):CHE-458.002.538 Mehrwertsteuer-NummerCHE-458.002.538 MWST HaftungsausschlussDer Autor \u00fcbernimmt keinerlei Gew\u00e4hr hinsichtlich der inhaltlichen Richtigkeit, Genauigkeit, Aktualit\u00e4t, Zuverl\u00e4ssigkeit und Vollst\u00e4ndigkeit der Informationen. Haftungsanspr\u00fcche gegen den Autor wegen Sch\u00e4den materieller oder immaterieller Art, welche aus dem Zugriff oder der Nutzung bzw. Nichtnutzung der ver\u00f6ffentlichten [&hellip;]\" \/>\n<meta property=\"og:url\" content=\"https:\/\/redob.ch\/de\/imprint\/\" \/>\n<meta property=\"og:site_name\" content=\"Redob\" \/>\n<meta property=\"article:modified_time\" content=\"2022-02-01T16:43:39+00:00\" \/>\n<meta name=\"twitter:card\" content=\"summary_large_image\" \/>\n<meta name=\"twitter:label1\" content=\"Gesch\u00e4tzte Lesezeit\" \/>\n\t<meta name=\"twitter:data1\" content=\"2\u00a0Minuten\" \/>\n<script type=\"application\/ld+json\" class=\"yoast-schema-graph\">{\"@context\":\"https:\\\/\\\/schema.org\",\"@graph\":[{\"@type\":\"WebPage\",\"@id\":\"https:\\\/\\\/redob.ch\\\/imprint\\\/\",\"url\":\"https:\\\/\\\/redob.ch\\\/imprint\\\/\",\"name\":\"Imprint - Redob\",\"isPartOf\":{\"@id\":\"https:\\\/\\\/redob.ch\\\/#website\"},\"datePublished\":\"2022-01-30T16:20:18+00:00\",\"dateModified\":\"2022-02-01T16:43:39+00:00\",\"breadcrumb\":{\"@id\":\"https:\\\/\\\/redob.ch\\\/imprint\\\/#breadcrumb\"},\"inLanguage\":\"de\",\"potentialAction\":[{\"@type\":\"ReadAction\",\"target\":[\"https:\\\/\\\/redob.ch\\\/imprint\\\/\"]}]},{\"@type\":\"BreadcrumbList\",\"@id\":\"https:\\\/\\\/redob.ch\\\/imprint\\\/#breadcrumb\",\"itemListElement\":[{\"@type\":\"ListItem\",\"position\":1,\"name\":\"Startseite\",\"item\":\"https:\\\/\\\/redob.ch\\\/\"},{\"@type\":\"ListItem\",\"position\":2,\"name\":\"Imprint\"}]},{\"@type\":\"WebSite\",\"@id\":\"https:\\\/\\\/redob.ch\\\/#website\",\"url\":\"https:\\\/\\\/redob.ch\\\/\",\"name\":\"Redob\",\"description\":\"Make it right !\",\"potentialAction\":[{\"@type\":\"SearchAction\",\"target\":{\"@type\":\"EntryPoint\",\"urlTemplate\":\"https:\\\/\\\/redob.ch\\\/?s={search_term_string}\"},\"query-input\":{\"@type\":\"PropertyValueSpecification\",\"valueRequired\":true,\"valueName\":\"search_term_string\"}}],\"inLanguage\":\"de\"}]}<\/script>\n<!-- \/ Yoast SEO plugin. -->","yoast_head_json":{"title":"Imprint - Redob","robots":{"index":"noindex","follow":"nofollow"},"og_locale":"de_DE","og_type":"article","og_title":"Imprint - Redob","og_description":"Kontakt-Adresse REDOB GmbHRathausstrasse 146341 BaarSchweiz E-Mail:info@redob.ch Vertretungsberechtigte Person(en)J\u00f6rg A. Boder, Gesch\u00e4ftsf\u00fchrer Handelsregister-EintragEingetragener Firmenname:REDOB GmbH Unternehmens-Nr (UID):CHE-458.002.538 Mehrwertsteuer-NummerCHE-458.002.538 MWST HaftungsausschlussDer Autor \u00fcbernimmt keinerlei Gew\u00e4hr hinsichtlich der inhaltlichen Richtigkeit, Genauigkeit, Aktualit\u00e4t, Zuverl\u00e4ssigkeit und Vollst\u00e4ndigkeit der Informationen. Haftungsanspr\u00fcche gegen den Autor wegen Sch\u00e4den materieller oder immaterieller Art, welche aus dem Zugriff oder der Nutzung bzw. Nichtnutzung der ver\u00f6ffentlichten [&hellip;]","og_url":"https:\/\/redob.ch\/de\/imprint\/","og_site_name":"Redob","article_modified_time":"2022-02-01T16:43:39+00:00","twitter_card":"summary_large_image","twitter_misc":{"Gesch\u00e4tzte Lesezeit":"2\u00a0Minuten"},"schema":{"@context":"https:\/\/schema.org","@graph":[{"@type":"WebPage","@id":"https:\/\/redob.ch\/imprint\/","url":"https:\/\/redob.ch\/imprint\/","name":"Imprint - Redob","isPartOf":{"@id":"https:\/\/redob.ch\/#website"},"datePublished":"2022-01-30T16:20:18+00:00","dateModified":"2022-02-01T16:43:39+00:00","breadcrumb":{"@id":"https:\/\/redob.ch\/imprint\/#breadcrumb"},"inLanguage":"de","potentialAction":[{"@type":"ReadAction","target":["https:\/\/redob.ch\/imprint\/"]}]},{"@type":"BreadcrumbList","@id":"https:\/\/redob.ch\/imprint\/#breadcrumb","itemListElement":[{"@type":"ListItem","position":1,"name":"Startseite","item":"https:\/\/redob.ch\/"},{"@type":"ListItem","position":2,"name":"Imprint"}]},{"@type":"WebSite","@id":"https:\/\/redob.ch\/#website","url":"https:\/\/redob.ch\/","name":"Redob","description":"Make it right !","potentialAction":[{"@type":"SearchAction","target":{"@type":"EntryPoint","urlTemplate":"https:\/\/redob.ch\/?s={search_term_string}"},"query-input":{"@type":"PropertyValueSpecification","valueRequired":true,"valueName":"search_term_string"}}],"inLanguage":"de"}]}},"jetpack_sharing_enabled":true,"_links":{"self":[{"href":"https:\/\/redob.ch\/de\/wp-json\/wp\/v2\/pages\/40","targetHints":{"allow":["GET"]}}],"collection":[{"href":"https:\/\/redob.ch\/de\/wp-json\/wp\/v2\/pages"}],"about":[{"href":"https:\/\/redob.ch\/de\/wp-json\/wp\/v2\/types\/page"}],"author":[{"embeddable":true,"href":"https:\/\/redob.ch\/de\/wp-json\/wp\/v2\/users\/1"}],"replies":[{"embeddable":true,"href":"https:\/\/redob.ch\/de\/wp-json\/wp\/v2\/comments?post=40"}],"version-history":[{"count":0,"href":"https:\/\/redob.ch\/de\/wp-json\/wp\/v2\/pages\/40\/revisions"}],"wp:attachment":[{"href":"https:\/\/redob.ch\/de\/wp-json\/wp\/v2\/media?parent=40"}],"curies":[{"name":"wp","href":"https:\/\/api.w.org\/{rel}","templated":true}]}}